{"id":2443,"date":"2014-12-18T16:50:51","date_gmt":"2014-12-18T15:50:51","guid":{"rendered":"http:\/\/www.dtpwerbung.de\/ratgeber-druck\/?page_id=2443"},"modified":"2014-12-19T18:40:18","modified_gmt":"2014-12-19T17:40:18","slug":"druckerei-vergleich","status":"publish","type":"page","link":"https:\/\/www.dtpwerbung.de\/ratgeber-druck\/druckerei-vergleich\/","title":{"rendered":"Druckerei-Vergleich"},"content":{"rendered":"<h1>Online-Druckerei-Preisvergleich<\/h1>\n<p>1.\tZun\u00e4chst\tFormat,\tAuflage\tund\tPapier\tw\u00e4hlen<\/p>\n<p>2.\tDie\tg\u00fcnstigsten\tDruckereien\tanzeigen\tlassen<\/p>\n<p>3.\tDie\tg\u00fcnstigste\t<span style=\"font-weight: bold;\"><a href=\"http:\/\/www.druckpreis.de\/\">Online\tDruckerei\tfinden<\/a><\/span> und\tnoch<br \/>\nmehr\tGeld\tsparen!<\/p>\n<p><iframe loading=\"lazy\" style=\"display: block;\" frameborder=\"0\" height=\"1500\" scrolling=\"no\" src=\"http:\/\/druckpreis.de\/partner?partner=c7336eed-912d-4bd2-9832- 6390889a9358\" width=\"600\"><\/iframe><a href=\"http:\/\/www.druckpreis.de\/visitenkartendrucken\">Visitenkarten<br \/>\nund\tmehr\tim\tPreisvergleich<\/a> auf\tdruckpreis.de.<\/p>\n","protected":false},"excerpt":{"rendered":"<p>Online-Druckerei-Preisvergleich 1. Zun\u00e4chst Format, Auflage und Papier w\u00e4hlen 2. Die g\u00fcnstigsten Druckereien anzeigen lassen 3. Die g\u00fcnstigste Online Druckerei finden und noch mehr Geld sparen! Visitenkarten und mehr im Preisvergleich auf druckpreis.de.<\/p>\n","protected":false},"author":1,"featured_media":0,"parent":0,"menu_order":0,"comment_status":"open","ping_status":"open","template":"","meta":{"footnotes":""},"_links":{"self":[{"href":"https:\/\/www.dtpwerbung.de\/ratgeber-druck\/wp-json\/wp\/v2\/pages\/2443"}],"collection":[{"href":"https:\/\/www.dtpwerbung.de\/ratgeber-druck\/wp-json\/wp\/v2\/pages"}],"about":[{"href":"https:\/\/www.dtpwerbung.de\/ratgeber-druck\/wp-json\/wp\/v2\/types\/page"}],"author":[{"embeddable":true,"href":"https:\/\/www.dtpwerbung.de\/ratgeber-druck\/wp-json\/wp\/v2\/users\/1"}],"replies":[{"embeddable":true,"href":"https:\/\/www.dtpwerbung.de\/ratgeber-druck\/wp-json\/wp\/v2\/comments?post=2443"}],"version-history":[{"count":6,"href":"https:\/\/www.dtpwerbung.de\/ratgeber-druck\/wp-json\/wp\/v2\/pages\/2443\/revisions"}],"predecessor-version":[{"id":2449,"href":"https:\/\/www.dtpwerbung.de\/ratgeber-druck\/wp-json\/wp\/v2\/pages\/2443\/revisions\/2449"}],"wp:attachment":[{"href":"https:\/\/www.dtpwerbung.de\/ratgeber-druck\/wp-json\/wp\/v2\/media?parent=2443"}],"curies":[{"name":"wp","href":"https:\/\/api.w.org\/{rel}","templated":true}]}}