{"id":2,"date":"2009-08-24T14:03:19","date_gmt":"2009-08-24T12:03:19","guid":{"rendered":"http:\/\/www.dtpwerbung.de\/ratgeber-druck\/?page_id=2"},"modified":"2010-01-15T11:07:31","modified_gmt":"2010-01-15T10:07:31","slug":"zur-werbeagentur-preidel","status":"publish","type":"page","link":"https:\/\/www.dtpwerbung.de\/ratgeber-druck\/zur-werbeagentur-preidel\/","title":{"rendered":"Werbeagentur"},"content":{"rendered":"<p>Die Werbeagentur Preidel in Zw\u00f6nitz, Sachsen, ist eine Full-Service-Agentur bei: Gestaltung, Druck, Digitalfotografie, Textildruck, Webdesign, Beschriftungen und Schilderherstellung. Wir sind im Klein- und Gro\u00dfauflagenbereich ein kosteng\u00fcnstiger Partner.<\/p>\n<p>N\u00e4here Infos auf unser Internetseite:<br \/>\n<a title=\"Werbeagentur Preidel\" href=\"http:\/\/www.dtpwerbung.de\" target=\"_blank\">http:\/\/www.dtpwerbung.de<\/a><\/p>\n","protected":false},"excerpt":{"rendered":"<p>Die Werbeagentur Preidel in Zw\u00f6nitz, Sachsen, ist eine Full-Service-Agentur bei: Gestaltung, Druck, Digitalfotografie, Textildruck, Webdesign, Beschriftungen und Schilderherstellung. Wir sind im Klein- und Gro\u00dfauflagenbereich ein kosteng\u00fcnstiger Partner. N\u00e4here Infos auf unser Internetseite: http:\/\/www.dtpwerbung.de<\/p>\n","protected":false},"author":1,"featured_media":0,"parent":0,"menu_order":0,"comment_status":"open","ping_status":"open","template":"","meta":{"footnotes":""},"_links":{"self":[{"href":"https:\/\/www.dtpwerbung.de\/ratgeber-druck\/wp-json\/wp\/v2\/pages\/2"}],"collection":[{"href":"https:\/\/www.dtpwerbung.de\/ratgeber-druck\/wp-json\/wp\/v2\/pages"}],"about":[{"href":"https:\/\/www.dtpwerbung.de\/ratgeber-druck\/wp-json\/wp\/v2\/types\/page"}],"author":[{"embeddable":true,"href":"https:\/\/www.dtpwerbung.de\/ratgeber-druck\/wp-json\/wp\/v2\/users\/1"}],"replies":[{"embeddable":true,"href":"https:\/\/www.dtpwerbung.de\/ratgeber-druck\/wp-json\/wp\/v2\/comments?post=2"}],"version-history":[{"count":6,"href":"https:\/\/www.dtpwerbung.de\/ratgeber-druck\/wp-json\/wp\/v2\/pages\/2\/revisions"}],"predecessor-version":[{"id":94,"href":"https:\/\/www.dtpwerbung.de\/ratgeber-druck\/wp-json\/wp\/v2\/pages\/2\/revisions\/94"}],"wp:attachment":[{"href":"https:\/\/www.dtpwerbung.de\/ratgeber-druck\/wp-json\/wp\/v2\/media?parent=2"}],"curies":[{"name":"wp","href":"https:\/\/api.w.org\/{rel}","templated":true}]}}